{"id":9,"date":"2011-02-01T19:04:32","date_gmt":"2011-02-01T18:04:32","guid":{"rendered":"http:\/\/arianecamus.com\/"},"modified":"2024-11-29T15:10:41","modified_gmt":"2024-11-29T14:10:41","slug":"contact","status":"publish","type":"page","link":"http:\/\/arianecamus.com\/fr\/contact\/","title":{"rendered":"Contact"},"content":{"rendered":"<p><\/p>\n<table border=\"0\" cellpadding=\"5\">\n<tbody>\n<tr>\n<td align=\"left\" valign=\"top\"><\/td>\n<td style=\"height: 40px;\" align=\"left\" valign=\"top\">VITA<\/td>\n<td align=\"left\" valign=\"top\"><\/td>\n<td align=\"left\" valign=\"top\">CONTACT<\/td>\n<\/tr>\n<tr>\n<td rowspan=\"9\" align=\"left\" valign=\"top\"><img decoding=\"async\" class=\"alignnone size-full wp-image-103\" style=\"margin-right: 30px;\" title=\"Ariane Camus\" src=\"http:\/\/arianecamus.com\/wp-content\/uploads\/ariane-camus.jpg\" alt=\"\" width=\"87\" \/><\/td>\n<td style=\"width: 60px;\" align=\"left\" valign=\"top\">2016-18<\/td>\n<td align=\"left\" valign=\"top\">Designer Graphiste chez Oetinger, Hamburg<\/td>\n<td align=\"left\" valign=\"top\">Ariane Camus<\/td>\n<\/tr>\n<tr>\n<td align=\"left\" valign=\"top\">2008-16<\/td>\n<td align=\"left\" valign=\"top\">Art Director chez Scholz &amp; Friends, Hamburg<\/td>\n<td align=\"left\" valign=\"top\"><a style=\"color: #969696;\" href=\"javascript:DeCryptX('2o2c0i0l3C1b0r0i0a0n3h3f3d2o0u1t1\/3f3r3p')\">&#109;ai&#108;&#64;&#97;ri&#97;neca&#109;&#117;&#115;.&#99;&#111;&#109;<\/a><\/td>\n<\/tr>\n<tr>\n<td align=\"left\" valign=\"top\">2007<\/td>\n<td align=\"left\" valign=\"top\">Illustratrice Freelance<\/td>\n<td align=\"left\" valign=\"top\"><\/td>\n<\/tr>\n<tr>\n<td>2007<\/td>\n<td>Assistante de langue francaise, Bonn \/ Berlin<\/td>\n<td><\/td>\n<\/tr>\n<tr>\n<td align=\"left\" valign=\"top\">2002-05<\/td>\n<td align=\"left\" valign=\"top\">Animation d\u2019un atelier Arts-plastiques et soutien-scolaire en maison d\u2019arr\u00eat, Gradignan<\/td>\n<td align=\"left\" valign=\"top\"><\/td>\n<\/tr>\n<tr>\n<td align=\"left\" valign=\"top\">2001-06<\/td>\n<td align=\"left\" valign=\"top\">Master II de Lettres modernes \u00e0 l\u2019universit\u00e9 de Michel de Montaigne, Bordeaux<\/td>\n<td align=\"left\" valign=\"top\"><\/td>\n<\/tr>\n<tr>\n<td align=\"left\" valign=\"top\">2001<\/td>\n<td align=\"left\" valign=\"top\">Baccalaur\u00e9at L, Arts-plastiques au lyc\u00e9e Camille Jullian, Bordeaux<\/td>\n<td align=\"left\" valign=\"top\"><\/td>\n<\/tr>\n<tr>\n<td style=\"height: 70px;\" align=\"left\" valign=\"top\">1982<\/td>\n<td align=\"left\" valign=\"top\">N\u00e9e \u00e0 Bazas (Aquitaine)<\/td>\n<td align=\"left\" valign=\"top\"><\/td>\n<\/tr>\n<tr>\n<td align=\"left\" valign=\"top\"><\/td>\n<td style=\"height: 70px; font-size: 11px;\" colspan=\"2\" align=\"left\" valign=\"top\">Toutes les images pr\u00e9sentes sur ce site sont la propri\u00e9t\u00e9 de l&rsquo;auteur et ne peuvent \u00eatre utilis\u00e9es sans son accord.R\u00e9alisation technique du site: <a style=\"color: #969696;\" href=\"http:\/\/www.pastorixX.de\" target=\"_blank\" rel=\"noopener\">www.pastorixX.de<\/a><\/p>\n<p><a title=\"Impressum und Datenschutzerkl\u00e4rung\" href=\"..\/impressum-datenschutz\">Impressum<\/a><\/td>\n<td align=\"left\" valign=\"top\"><\/td>\n<\/tr>\n<\/tbody>\n<\/table>\n<p><\/p>","protected":false},"excerpt":{"rendered":"<p>VITA CONTACT 2016-18 Designer Graphiste chez Oetinger, Hamburg Ariane Camus 2008-16 Art Director chez Scholz &amp; Friends, Hamburg &#109;&#97;&#105;l&#64;&#97;&#114;&#105;&#97;ne&#99;&#97;&#109;u&#115;.com 2007 Illustratrice Freelance 2007 Assistante de langue francaise, Bonn \/ Berlin 2002-05 Animation d\u2019un atelier Arts-plastiques et soutien-scolaire en maison d\u2019arr\u00eat, Gradignan 2001-06 Master II de Lettres modernes \u00e0 l\u2019universit\u00e9 de Michel de Montaigne, Bordeaux 2001<\/p>\n<div class=\"readmore\"><a href=\"http:\/\/arianecamus.com\/fr\/contact\/\"> &#8230;&nbsp;weiter&nbsp;lesen<\/a><\/div>\n","protected":false},"author":2,"featured_media":0,"parent":0,"menu_order":50,"comment_status":"closed","ping_status":"closed","template":"page_contact.php","meta":{"footnotes":""},"class_list":["post-9","page","type-page","status-publish","hentry"],"_links":{"self":[{"href":"http:\/\/arianecamus.com\/fr\/wp-json\/wp\/v2\/pages\/9","targetHints":{"allow":["GET"]}}],"collection":[{"href":"http:\/\/arianecamus.com\/fr\/wp-json\/wp\/v2\/pages"}],"about":[{"href":"http:\/\/arianecamus.com\/fr\/wp-json\/wp\/v2\/types\/page"}],"author":[{"embeddable":true,"href":"http:\/\/arianecamus.com\/fr\/wp-json\/wp\/v2\/users\/2"}],"replies":[{"embeddable":true,"href":"http:\/\/arianecamus.com\/fr\/wp-json\/wp\/v2\/comments?post=9"}],"version-history":[{"count":0,"href":"http:\/\/arianecamus.com\/fr\/wp-json\/wp\/v2\/pages\/9\/revisions"}],"wp:attachment":[{"href":"http:\/\/arianecamus.com\/fr\/wp-json\/wp\/v2\/media?parent=9"}],"curies":[{"name":"wp","href":"https:\/\/api.w.org\/{rel}","templated":true}]}}